{"id":210,"date":"2025-02-10T10:48:00","date_gmt":"2025-02-10T10:48:00","guid":{"rendered":"http:\/\/tnstank.hr\/home\/"},"modified":"2025-03-11T11:24:16","modified_gmt":"2025-03-11T11:24:16","slug":"pocetna","status":"publish","type":"page","link":"http:\/\/tnstank.hr\/hr\/","title":{"rendered":"Po\u010detna"},"content":{"rendered":"","protected":false},"excerpt":{"rendered":"","protected":false},"author":1,"featured_media":0,"parent":0,"menu_order":0,"comment_status":"closed","ping_status":"closed","template":"","meta":{"footnotes":""},"class_list":["post-210","page","type-page","status-publish","hentry"],"yoast_head":"<!-- This site is optimized with the Yoast SEO plugin v27.4 - https:\/\/yoast.com\/product\/yoast-seo-wordpress\/ -->\n<title>Prijevoz i logistika - TNS Tank d.o.o.<\/title>\n<meta name=\"description\" content=\"TNS TANK pru\u017ea prijevoz i logistiku za teku\u0107e kemikalije i prehrambene proizvode u cisternama, kao i za op\u0107i teret u kamionima s ceradom.\" \/>\n<meta name=\"robots\" content=\"index, follow, max-snippet:-1, max-image-preview:large, max-video-preview:-1\" \/>\n<link rel=\"canonical\" href=\"http:\/\/tnstank.hr\/hr\/\" \/>\n<meta property=\"og:locale\" content=\"hr_HR\" \/>\n<meta property=\"og:type\" content=\"article\" \/>\n<meta property=\"og:title\" content=\"Prijevoz i logistika - TNS Tank d.o.o.\" \/>\n<meta property=\"og:description\" content=\"TNS TANK pru\u017ea prijevoz i logistiku za teku\u0107e kemikalije i prehrambene proizvode u cisternama, kao i za op\u0107i teret u kamionima s ceradom.\" \/>\n<meta property=\"og:url\" content=\"http:\/\/tnstank.hr\/hr\/\" \/>\n<meta property=\"og:site_name\" content=\"TNS Tank\" \/>\n<meta property=\"article:modified_time\" content=\"2025-03-11T11:24:16+00:00\" \/>\n<meta name=\"twitter:card\" content=\"summary_large_image\" \/>\n<meta name=\"twitter:label1\" content=\"Procijenjeno vrijeme \u010ditanja\" \/>\n\t<meta name=\"twitter:data1\" content=\"6 minuta\" \/>\n<script type=\"application\/ld+json\" class=\"yoast-schema-graph\">{\"@context\":\"https:\\\/\\\/schema.org\",\"@graph\":[{\"@type\":\"WebPage\",\"@id\":\"http:\\\/\\\/tnstank.hr\\\/hr\\\/\",\"url\":\"http:\\\/\\\/tnstank.hr\\\/hr\\\/\",\"name\":\"Prijevoz i logistika - TNS Tank d.o.o.\",\"isPartOf\":{\"@id\":\"https:\\\/\\\/tnstank.hr\\\/#website\"},\"datePublished\":\"2025-02-10T10:48:00+00:00\",\"dateModified\":\"2025-03-11T11:24:16+00:00\",\"description\":\"TNS TANK pru\u017ea prijevoz i logistiku za teku\u0107e kemikalije i prehrambene proizvode u cisternama, kao i za op\u0107i teret u kamionima s ceradom.\",\"breadcrumb\":{\"@id\":\"http:\\\/\\\/tnstank.hr\\\/hr\\\/#breadcrumb\"},\"inLanguage\":\"hr\",\"potentialAction\":[{\"@type\":\"ReadAction\",\"target\":[\"http:\\\/\\\/tnstank.hr\\\/hr\\\/\"]}]},{\"@type\":\"BreadcrumbList\",\"@id\":\"http:\\\/\\\/tnstank.hr\\\/hr\\\/#breadcrumb\",\"itemListElement\":[{\"@type\":\"ListItem\",\"position\":1,\"name\":\"Po\u010detna stranica\",\"item\":\"http:\\\/\\\/tnstank.hr\\\/hr\\\/\"},{\"@type\":\"ListItem\",\"position\":2,\"name\":\"Po\u010detna\"}]},{\"@type\":\"WebSite\",\"@id\":\"https:\\\/\\\/tnstank.hr\\\/#website\",\"url\":\"https:\\\/\\\/tnstank.hr\\\/\",\"name\":\"TNS TANK\",\"description\":\"\",\"publisher\":{\"@id\":\"https:\\\/\\\/tnstank.hr\\\/#organization\"},\"potentialAction\":[{\"@type\":\"SearchAction\",\"target\":{\"@type\":\"EntryPoint\",\"urlTemplate\":\"https:\\\/\\\/tnstank.hr\\\/?s={search_term_string}\"},\"query-input\":{\"@type\":\"PropertyValueSpecification\",\"valueRequired\":true,\"valueName\":\"search_term_string\"}}],\"inLanguage\":\"hr\"},{\"@type\":\"Organization\",\"@id\":\"https:\\\/\\\/tnstank.hr\\\/#organization\",\"name\":\"TNS TANK d.o.o.\",\"url\":\"https:\\\/\\\/tnstank.hr\\\/\",\"logo\":{\"@type\":\"ImageObject\",\"inLanguage\":\"hr\",\"@id\":\"https:\\\/\\\/tnstank.hr\\\/#\\\/schema\\\/logo\\\/image\\\/\",\"url\":\"https:\\\/\\\/tnstank.hr\\\/wp-content\\\/uploads\\\/2025\\\/02\\\/Screenshot_2025-02-10_165408-removebg-preview_result.webp\",\"contentUrl\":\"https:\\\/\\\/tnstank.hr\\\/wp-content\\\/uploads\\\/2025\\\/02\\\/Screenshot_2025-02-10_165408-removebg-preview_result.webp\",\"width\":500,\"height\":134,\"caption\":\"TNS TANK d.o.o.\"},\"image\":{\"@id\":\"https:\\\/\\\/tnstank.hr\\\/#\\\/schema\\\/logo\\\/image\\\/\"},\"sameAs\":[\"https:\\\/\\\/www.linkedin.com\\\/in\\\/tomislav-strika-526348195\\\/\"]}]}<\/script>\n<!-- \/ Yoast SEO plugin. -->","yoast_head_json":{"title":"Prijevoz i logistika - TNS Tank d.o.o.","description":"TNS TANK pru\u017ea prijevoz i logistiku za teku\u0107e kemikalije i prehrambene proizvode u cisternama, kao i za op\u0107i teret u kamionima s ceradom.","robots":{"index":"index","follow":"follow","max-snippet":"max-snippet:-1","max-image-preview":"max-image-preview:large","max-video-preview":"max-video-preview:-1"},"canonical":"http:\/\/tnstank.hr\/hr\/","og_locale":"hr_HR","og_type":"article","og_title":"Prijevoz i logistika - TNS Tank d.o.o.","og_description":"TNS TANK pru\u017ea prijevoz i logistiku za teku\u0107e kemikalije i prehrambene proizvode u cisternama, kao i za op\u0107i teret u kamionima s ceradom.","og_url":"http:\/\/tnstank.hr\/hr\/","og_site_name":"TNS Tank","article_modified_time":"2025-03-11T11:24:16+00:00","twitter_card":"summary_large_image","twitter_misc":{"Procijenjeno vrijeme \u010ditanja":"6 minuta"},"schema":{"@context":"https:\/\/schema.org","@graph":[{"@type":"WebPage","@id":"http:\/\/tnstank.hr\/hr\/","url":"http:\/\/tnstank.hr\/hr\/","name":"Prijevoz i logistika - TNS Tank d.o.o.","isPartOf":{"@id":"https:\/\/tnstank.hr\/#website"},"datePublished":"2025-02-10T10:48:00+00:00","dateModified":"2025-03-11T11:24:16+00:00","description":"TNS TANK pru\u017ea prijevoz i logistiku za teku\u0107e kemikalije i prehrambene proizvode u cisternama, kao i za op\u0107i teret u kamionima s ceradom.","breadcrumb":{"@id":"http:\/\/tnstank.hr\/hr\/#breadcrumb"},"inLanguage":"hr","potentialAction":[{"@type":"ReadAction","target":["http:\/\/tnstank.hr\/hr\/"]}]},{"@type":"BreadcrumbList","@id":"http:\/\/tnstank.hr\/hr\/#breadcrumb","itemListElement":[{"@type":"ListItem","position":1,"name":"Po\u010detna stranica","item":"http:\/\/tnstank.hr\/hr\/"},{"@type":"ListItem","position":2,"name":"Po\u010detna"}]},{"@type":"WebSite","@id":"https:\/\/tnstank.hr\/#website","url":"https:\/\/tnstank.hr\/","name":"TNS TANK","description":"","publisher":{"@id":"https:\/\/tnstank.hr\/#organization"},"potentialAction":[{"@type":"SearchAction","target":{"@type":"EntryPoint","urlTemplate":"https:\/\/tnstank.hr\/?s={search_term_string}"},"query-input":{"@type":"PropertyValueSpecification","valueRequired":true,"valueName":"search_term_string"}}],"inLanguage":"hr"},{"@type":"Organization","@id":"https:\/\/tnstank.hr\/#organization","name":"TNS TANK d.o.o.","url":"https:\/\/tnstank.hr\/","logo":{"@type":"ImageObject","inLanguage":"hr","@id":"https:\/\/tnstank.hr\/#\/schema\/logo\/image\/","url":"https:\/\/tnstank.hr\/wp-content\/uploads\/2025\/02\/Screenshot_2025-02-10_165408-removebg-preview_result.webp","contentUrl":"https:\/\/tnstank.hr\/wp-content\/uploads\/2025\/02\/Screenshot_2025-02-10_165408-removebg-preview_result.webp","width":500,"height":134,"caption":"TNS TANK d.o.o."},"image":{"@id":"https:\/\/tnstank.hr\/#\/schema\/logo\/image\/"},"sameAs":["https:\/\/www.linkedin.com\/in\/tomislav-strika-526348195\/"]}]}},"_links":{"self":[{"href":"http:\/\/tnstank.hr\/hr\/wp-json\/wp\/v2\/pages\/210","targetHints":{"allow":["GET"]}}],"collection":[{"href":"http:\/\/tnstank.hr\/hr\/wp-json\/wp\/v2\/pages"}],"about":[{"href":"http:\/\/tnstank.hr\/hr\/wp-json\/wp\/v2\/types\/page"}],"author":[{"embeddable":true,"href":"http:\/\/tnstank.hr\/hr\/wp-json\/wp\/v2\/users\/1"}],"replies":[{"embeddable":true,"href":"http:\/\/tnstank.hr\/hr\/wp-json\/wp\/v2\/comments?post=210"}],"version-history":[{"count":1,"href":"http:\/\/tnstank.hr\/hr\/wp-json\/wp\/v2\/pages\/210\/revisions"}],"predecessor-version":[{"id":220,"href":"http:\/\/tnstank.hr\/hr\/wp-json\/wp\/v2\/pages\/210\/revisions\/220"}],"wp:attachment":[{"href":"http:\/\/tnstank.hr\/hr\/wp-json\/wp\/v2\/media?parent=210"}],"curies":[{"name":"wp","href":"https:\/\/api.w.org\/{rel}","templated":true}]}}